{"id":39,"date":"2020-10-27T05:19:16","date_gmt":"2020-10-27T05:19:16","guid":{"rendered":"https:\/\/mesa.mbr2.wpdash.com.br\/?page_id=39"},"modified":"2025-05-05T21:14:07","modified_gmt":"2025-05-06T00:14:07","slug":"politica-de-privacidade","status":"publish","type":"page","link":"https:\/\/mesa.school\/en\/politica-de-privacidade\/","title":{"rendered":"Privacy Policy"},"content":{"rendered":"<h1 class=\"wp-block-heading\"><strong>Privacy Policy<\/strong><\/h1>\n\n\n\n<p>This Privacy Policy governs the manner in which the website collects, uses, maintains and discloses information collected from users (each, a 'User') of the website ('Site'). This privacy policy applies to the Site and all products and services offered by company.<\/p>\n\n\n\n<h4 class=\"wp-block-heading\"><strong>Personal identification information<\/strong><\/h4>\n\n\n\n<p>We may collect personal identification information from Users in a variety of ways, including, but not limited to, when Users visit our site, register on the site, subscribe to the newsletter, and in connection with other activities, services, features or resources we make available on our Site. Users may be asked for, as appropriate, email address. Users may, however, visit our Site anonymously. We will collect personal identification information from Users only if they voluntarily submit such information to us. Users can always refuse to supply personally identification information, except that it may prevent them from engaging in certain Site related activities.<\/p>\n\n\n\n<h4 class=\"wp-block-heading\"><strong>Non-personal identification information<\/strong><\/h4>\n\n\n\n<p>We may collect non-personal identification information about Users whenever they interact with our Site. Non-personal identification information may include the browser name, the type of computer and technical information about Users means of connection to our Site, such as the operating system and the Internet service providers utilized and other similar information.<\/p>\n\n\n\n<h4 class=\"wp-block-heading\"><strong>Web browser cookies<\/strong><\/h4>\n\n\n\n<p>Our Site may use 'cookies' to enhance User experience. User's web browser places cookies on their hard drive for record-keeping purposes and sometimes to track information about them. User may choose to set their web browser to refuse cookies, or to alert you when cookies are being sent. If they do so, note that some parts of the Site may not function properly.<\/p>\n\n\n\n<h4 class=\"wp-block-heading\"><strong>How we use collected information<\/strong><\/h4>\n\n\n\n<p>Company may collect and use Users personal information for the following purposes:<br>- Para melhorar os servi\u00e7os<br>Information you provide helps us respond to your customer service requests and support needs more efficiently.<br>- Para personalizar a experi\u00eancia<br>We may use information in the aggregate to understand how our Users as a group use the services and resources provided on our Site.<br>- Para mandar emails peri\u00f3dicos<br>We may use the email address to send User information and updates pertaining to their order. It may also be used to respond to their inquiries, questions, and\/or other requests. If User decides to opt-in to our mailing list, they will receive emails that may include company news, updates, related product or service information, etc. If at any time the User would like to unsubscribe from receiving future emails, we include detailed unsubscribe instructions at the bottom of each email or User may contact us via our Site.<br>- Para entrar em contato com voc\u00ea<br>We may use personal information from time to time to contact you for internal purposes such as research, to improve our products and services, sales, and other customer communications.<\/p>\n\n\n\n<h4 class=\"wp-block-heading\"><strong>How we protect your information<\/strong><\/h4>\n\n\n\n<p>We adopt appropriate data collection, storage and processing practices and security measures to protect against unauthorized access, alteration, disclosure or destruction of your personal information, username, password, transaction information and data stored on our Site.<\/p>\n\n\n\n<h4 class=\"wp-block-heading\"><strong>Sharing your personal information<\/strong><\/h4>\n\n\n\n<p>We do not sell, trade, or rent Users personal identification information to others. We may share generic aggregated demographic information not linked to any personal identification information regarding visitors and users with our business partners, trusted affiliates and advertisers for the purposes outlined above.<\/p>\n\n\n\n<h4 class=\"wp-block-heading\"><strong>Third party websites<\/strong><\/h4>\n\n\n\n<p>Users may find advertising or other content on our Site that link to the sites and services of our partners, suppliers, advertisers, sponsors, licensors and other third parties. We do not control the content or links that appear on these sites and are not responsible for the practices employed by websites linked to or from our Site. In addition, these sites or services, including their content and links, may be constantly changing. These sites and services may have their own privacy policies and customer service policies. Browsing and interaction on any other website, including websites which have a link to our Site, is subject to that website's own terms and policies.<\/p>\n\n\n\n<h4 class=\"wp-block-heading\"><strong>Changes to this privacy policy<\/strong><\/h4>\n\n\n\n<p>A empresa pode alterar e atualizar a seu crit\u00e9rio e a seu tempo esta pol\u00edtica de privacidade. Quando o fizermos, vamos atualizar a data de atualiza\u00e7\u00e3o no rodap\u00e9 desta p\u00e1gina. Convidamos Usu\u00e1rios a checar com frequ\u00eancia essa p\u00e1gina e a manterem-se bem informados sobre como estamos ajudando a proteger a informa\u00e7\u00e3o pessoal que coletamos. Voc\u00ea aceita e concorda que \u00e9 sua responsabilidade revisar esta pol\u00edtica de privacidade periodicamente e manter-se atualizado sobre as modifica\u00e7\u00f5es.<\/p>\n\n\n\n<h4 class=\"wp-block-heading\"><strong>Your acceptance of these terms<\/strong><\/h4>\n\n\n\n<p>By using this Site, you signify your acceptance of this policy. If you do not agree to this policy, please do not use our Site. Your continued use of the Site following the posting of changes to this policy will be deemed your acceptance of those changes.<\/p>\n\n\n\n<h5 class=\"wp-block-heading\"><strong>Essa pol\u00edtica de privacidade foi modificada em 17 de Mar\u00e7o de 2020.<\/strong><\/h5>","protected":false},"excerpt":{"rendered":"<p>Pol\u00edtica de Privacidade Esta pol\u00edtica de privacidade governa o modo como esse website coleta, usa, mant\u00e9m e divulga a informa\u00e7\u00e3o coletada dos usu\u00e1rios (cada um, um 'Usu\u00e1rio') desse website ('Site'). Essa pol\u00edtica de privacidade se aplica ao Site e a todos os produtos e servi\u00e7os oferecidos pela empresa. Informa\u00e7\u00f5es de identifica\u00e7\u00e3o pessoal Eventualmente coletamos informa\u00e7\u00f5es [&hellip;]<\/p>","protected":false},"author":1,"featured_media":0,"parent":0,"menu_order":0,"comment_status":"closed","ping_status":"closed","template":"","meta":{"_acf_changed":false,"slim_seo":{"title":"Pol\u00edtica de Privacidade - Mesa School","description":"Pol\u00edtica de Privacidade Esta pol\u00edtica de privacidade governa o modo como esse website coleta, usa, mant\u00e9m e divulga a informa\u00e7\u00e3o coletada dos usu\u00e1rios (cada um,"},"footnotes":""},"class_list":["post-39","page","type-page","status-publish","hentry"],"acf":[],"_links":{"self":[{"href":"https:\/\/mesa.school\/en\/wp-json\/wp\/v2\/pages\/39","targetHints":{"allow":["GET"]}}],"collection":[{"href":"https:\/\/mesa.school\/en\/wp-json\/wp\/v2\/pages"}],"about":[{"href":"https:\/\/mesa.school\/en\/wp-json\/wp\/v2\/types\/page"}],"author":[{"embeddable":true,"href":"https:\/\/mesa.school\/en\/wp-json\/wp\/v2\/users\/1"}],"replies":[{"embeddable":true,"href":"https:\/\/mesa.school\/en\/wp-json\/wp\/v2\/comments?post=39"}],"version-history":[{"count":1,"href":"https:\/\/mesa.school\/en\/wp-json\/wp\/v2\/pages\/39\/revisions"}],"predecessor-version":[{"id":7517,"href":"https:\/\/mesa.school\/en\/wp-json\/wp\/v2\/pages\/39\/revisions\/7517"}],"wp:attachment":[{"href":"https:\/\/mesa.school\/en\/wp-json\/wp\/v2\/media?parent=39"}],"curies":[{"name":"wp","href":"https:\/\/api.w.org\/{rel}","templated":true}]}}